{"id":493,"date":"2025-08-25T14:20:06","date_gmt":"2025-08-25T12:20:06","guid":{"rendered":"https:\/\/heyl.choyou-tools.fr\/?page_id=493"},"modified":"2025-08-25T14:48:21","modified_gmt":"2025-08-25T12:48:21","slug":"certifications","status":"publish","type":"page","link":"https:\/\/heyl.choyou-tools.fr\/en\/certifications\/","title":{"rendered":"Certifications"},"content":{"rendered":"<div data-elementor-type=\"wp-page\" data-elementor-id=\"493\" class=\"elementor elementor-493\" data-elementor-settings=\"{&quot;ha_cmc_init_switcher&quot;:&quot;no&quot;}\" data-elementor-post-type=\"page\">\n\t\t\t\t<div class=\"elementor-element elementor-element-e084f9d e-flex e-con-boxed e-con e-parent\" data-id=\"e084f9d\" data-element_type=\"container\" data-settings=\"{&quot;_ha_eqh_enable&quot;:false}\">\n\t\t\t\t\t<div class=\"e-con-inner\">\n\t\t\t\t<div class=\"elementor-element elementor-element-966fecd elementor-widget elementor-widget-text-editor\" data-id=\"966fecd\" data-element_type=\"widget\" data-widget_type=\"text-editor.default\">\n\t\t\t\t\t\t\t\t\t<h2>Notre engagement qualit\u00e9 reconnu<\/h2>\n\n<p>Depuis 2015, Heyl Analysis Technologies est fi\u00e8rement certifi\u00e9e selon la norme internationale ISO 9001:2015.<\/p>\n\n<p>Cette certification refl\u00e8te notre engagement fort envers la qualit\u00e9, la fiabilit\u00e9 de nos produits et services, ainsi que la satisfaction de nos clients. Elle garantit que nos processus sont ma\u00eetris\u00e9s, nos \u00e9quipes impliqu\u00e9es, et que chaque \u00e9tape \u2013 de la commercialisation \u00e0 la maintenance \u2013 r\u00e9pond \u00e0 des standards exigeants.<\/p>\n\n<p>Renouvel\u00e9e avec succ\u00e8s en 2025, cette reconnaissance concerne notamment :<\/p>\n<ul>\n  <li>La vente et maintenance d\u2019appareils de mesure, de commande et de syst\u00e8mes d\u2019analyse,<\/li>\n  <li>La fourniture de trousses d\u2019analyses mobiles et de r\u00e9actifs destin\u00e9s au traitement de l\u2019eau.<\/li>\n<\/ul>\n\n<p>Attribu\u00e9e par <strong>SGS<\/strong>, organisme certificateur de renomm\u00e9e internationale, cette certification est plus qu\u2019un simple label : c\u2019est une preuve concr\u00e8te de notre volont\u00e9 de toujours faire mieux, pour nos clients comme pour nos partenaires.<\/p>\n\t\t\t\t\t\t\t\t<\/div>\n\t\t\t\t<div class=\"elementor-element elementor-element-28a4741 elementor-align-left elementor-widget elementor-widget-button\" data-id=\"28a4741\" data-element_type=\"widget\" data-widget_type=\"button.default\">\n\t\t\t\t\t\t\t\t\t\t<a class=\"elementor-button elementor-button-link elementor-size-sm\" href=\"http:\/\/heyl.choyou-tools.fr\/wp-content\/uploads\/2025\/08\/SGS_ISO-9001_2015_FR901_81841770_FR.pdf\">\n\t\t\t\t\t\t<span class=\"elementor-button-content-wrapper\">\n\t\t\t\t\t\t<span class=\"elementor-button-icon\">\n\t\t\t\t<i aria-hidden=\"true\" class=\"icon icon-document\"><\/i>\t\t\t<\/span>\n\t\t\t\t\t\t\t\t\t<span class=\"elementor-button-text\">Document ISO 9001:2015<\/span>\n\t\t\t\t\t<\/span>\n\t\t\t\t\t<\/a>\n\t\t\t\t\t\t\t\t<\/div>\n\t\t\t\t\t<\/div>\n\t\t\t\t<\/div>\n\t\t\t\t<\/div>","protected":false},"excerpt":{"rendered":"<p>Notre engagement qualit\u00e9 reconnu Depuis 2015, Heyl Analysis Technologies est fi\u00e8rement certifi\u00e9e selon la norme internationale ISO 9001:2015. Cette certification refl\u00e8te notre engagement fort envers la qualit\u00e9, la fiabilit\u00e9 de nos produits et services, ainsi que la satisfaction de nos clients. Elle garantit que nos processus sont ma\u00eetris\u00e9s, nos \u00e9quipes impliqu\u00e9es, et que chaque \u00e9tape [&hellip;]<\/p>\n","protected":false},"author":1,"featured_media":0,"parent":0,"menu_order":0,"comment_status":"closed","ping_status":"closed","template":"","meta":{"footnotes":""},"class_list":["post-493","page","type-page","status-publish","hentry"],"_links":{"self":[{"href":"https:\/\/heyl.choyou-tools.fr\/en\/wp-json\/wp\/v2\/pages\/493","targetHints":{"allow":["GET"]}}],"collection":[{"href":"https:\/\/heyl.choyou-tools.fr\/en\/wp-json\/wp\/v2\/pages"}],"about":[{"href":"https:\/\/heyl.choyou-tools.fr\/en\/wp-json\/wp\/v2\/types\/page"}],"author":[{"embeddable":true,"href":"https:\/\/heyl.choyou-tools.fr\/en\/wp-json\/wp\/v2\/users\/1"}],"replies":[{"embeddable":true,"href":"https:\/\/heyl.choyou-tools.fr\/en\/wp-json\/wp\/v2\/comments?post=493"}],"version-history":[{"count":4,"href":"https:\/\/heyl.choyou-tools.fr\/en\/wp-json\/wp\/v2\/pages\/493\/revisions"}],"predecessor-version":[{"id":507,"href":"https:\/\/heyl.choyou-tools.fr\/en\/wp-json\/wp\/v2\/pages\/493\/revisions\/507"}],"wp:attachment":[{"href":"https:\/\/heyl.choyou-tools.fr\/en\/wp-json\/wp\/v2\/media?parent=493"}],"curies":[{"name":"wp","href":"https:\/\/api.w.org\/{rel}","templated":true}]}}