{"id":120,"date":"2025-07-16T15:20:12","date_gmt":"2025-07-16T13:20:12","guid":{"rendered":"https:\/\/heyl.choyou-tools.fr\/?page_id=120"},"modified":"2025-07-24T14:28:15","modified_gmt":"2025-07-24T12:28:15","slug":"faq","status":"publish","type":"page","link":"https:\/\/heyl.choyou-tools.fr\/es_mx\/faq\/","title":{"rendered":"Preguntas frecuentes"},"content":{"rendered":"<div data-elementor-type=\"wp-page\" data-elementor-id=\"120\" class=\"elementor elementor-120\" data-elementor-settings=\"{&quot;ha_cmc_init_switcher&quot;:&quot;no&quot;}\" data-elementor-post-type=\"page\">\n\t\t\t\t<div class=\"elementor-element elementor-element-84ffd0c e-flex e-con-boxed e-con e-parent\" data-id=\"84ffd0c\" data-element_type=\"container\" data-settings=\"{&quot;_ha_eqh_enable&quot;:false}\">\n\t\t\t\t\t<div class=\"e-con-inner\">\n\t\t\t\t<div class=\"elementor-element elementor-element-f613f0a elementor-widget elementor-widget-heading\" data-id=\"f613f0a\" data-element_type=\"widget\" data-widget_type=\"heading.default\">\n\t\t\t\t\t<h2 class=\"elementor-heading-title elementor-size-default\">Foire aux questions<\/h2>\t\t\t\t<\/div>\n\t\t\t\t\t<\/div>\n\t\t\t\t<\/div>\n\t\t<div class=\"elementor-element elementor-element-00fe23f e-flex e-con-boxed e-con e-parent\" data-id=\"00fe23f\" data-element_type=\"container\" data-settings=\"{&quot;_ha_eqh_enable&quot;:false}\">\n\t\t\t\t\t<div class=\"e-con-inner\">\n\t\t\t\t<div class=\"elementor-element elementor-element-a202412 elementor-widget elementor-widget-elementskit-faq\" data-id=\"a202412\" data-element_type=\"widget\" data-widget_type=\"elementskit-faq.default\">\n\t\t\t\t\t<div class=\"ekit-wid-con\" >\n                <div class=\"elementskit-single-faq elementor-repeater-item-897408f\">\n            <div class=\"elementskit-faq-header\">\n                <h2 class=\"elementskit-faq-title\">Depuis combien de temps Heyl est-elle active dans le domaine de l\u2019analyse de l\u2019eau ?<\/h2>\n            <\/div>\n            <div class=\"elementskit-faq-body\">\n                Heyl d\u00e9veloppe, produit et distribue des \u00e9quipements pour l\u2019analyse et le traitement de l\u2019eau depuis plus de 60 ans. Notre expertise s\u2019appuie sur des d\u00e9cennies d\u2019innovation continue et de proximit\u00e9 avec nos clients.            <\/div>\n        <\/div>\n                <div class=\"elementskit-single-faq elementor-repeater-item-7d9150a\">\n            <div class=\"elementskit-faq-header\">\n                <h2 class=\"elementskit-faq-title\">Quels types d\u2019eaux peuvent \u00eatre analys\u00e9s avec vos instruments ?<\/h2>\n            <\/div>\n            <div class=\"elementskit-faq-body\">\n                Nos \u00e9quipements sont con\u00e7us pour analyser tous types d\u2019eau : eau potable, eau industrielle, eau pharmaceutique, eau de process, eau pour injection (WFI), eaux us\u00e9es, ou encore eaux utilis\u00e9es dans l\u2019agroalimentaire ou le secteur m\u00e9dical.            <\/div>\n        <\/div>\n                <div class=\"elementskit-single-faq elementor-repeater-item-07d86de\">\n            <div class=\"elementskit-faq-header\">\n                <h2 class=\"elementskit-faq-title\">Dans quels secteurs vos solutions sont-elles utilis\u00e9es ?<\/h2>\n            <\/div>\n            <div class=\"elementskit-faq-body\">\n                Industrie pharmaceutique\n\nIndustrie agroalimentaire\n\nProduction d\u2019eau potable\n\nTraitement des eaux industrielles\n\n\u00c9tablissements de sant\u00e9 et laboratoires m\u00e9dicaux\n\nApplications en laboratoires de recherche et contr\u00f4le qualit\u00e9            <\/div>\n        <\/div>\n                <div class=\"elementskit-single-faq elementor-repeater-item-0186044\">\n            <div class=\"elementskit-faq-header\">\n                <h2 class=\"elementskit-faq-title\">Proposez-vous uniquement des appareils d\u2019analyse ?<\/h2>\n            <\/div>\n            <div class=\"elementskit-faq-body\">\n                Non. En plus des syst\u00e8mes d\u2019analyse, nous d\u00e9veloppons \u00e9galement des solutions compl\u00e8tes pour le traitement de l\u2019eau, ainsi que des accessoires, r\u00e9actifs, logiciels de suivi et services associ\u00e9s pour une prise en charge globale de vos besoins.            <\/div>\n        <\/div>\n                <div class=\"elementskit-single-faq elementor-repeater-item-c03c46e\">\n            <div class=\"elementskit-faq-header\">\n                <h2 class=\"elementskit-faq-title\">Vos produits sont-ils fabriqu\u00e9s en interne ?<\/h2>\n            <\/div>\n            <div class=\"elementskit-faq-body\">\n                Oui. Chez Heyl, nous ma\u00eetrisons l\u2019ensemble de la cha\u00eene de valeur : conception, d\u00e9veloppement, production et distribution. Cela garantit \u00e0 nos clients qualit\u00e9, tra\u00e7abilit\u00e9, innovation continue et d\u00e9lais ma\u00eetris\u00e9s.            <\/div>\n        <\/div>\n                <div class=\"elementskit-single-faq elementor-repeater-item-83f98a8\">\n            <div class=\"elementskit-faq-header\">\n                <h2 class=\"elementskit-faq-title\">Proposez-vous une assistance technique ou un service apr\u00e8s-vente ?<\/h2>\n            <\/div>\n            <div class=\"elementskit-faq-body\">\n                Oui. Nos \u00e9quipes techniques vous accompagnent avant, pendant et apr\u00e8s l\u2019installation de nos produits. Nous assurons la formation, la maintenance, le diagnostic \u00e0 distance, et la fourniture rapide de pi\u00e8ces de rechange.            <\/div>\n        <\/div>\n                <div class=\"elementskit-single-faq elementor-repeater-item-12fee4a\">\n            <div class=\"elementskit-faq-header\">\n                <h2 class=\"elementskit-faq-title\">Vos produits sont-ils disponibles \u00e0 l\u2019international ?<\/h2>\n            <\/div>\n            <div class=\"elementskit-faq-body\">\n                Oui. Heyl est pr\u00e9sente dans de nombreux pays gr\u00e2ce \u00e0 un r\u00e9seau de distributeurs et partenaires locaux form\u00e9s \u00e0 nos solutions. Nous assurons \u00e9galement une logistique internationale rapide et fiable.            <\/div>\n        <\/div>\n                \n    <\/div>\t\t\t\t<\/div>\n\t\t\t\t\t<\/div>\n\t\t\t\t<\/div>\n\t\t\t\t<\/div>","protected":false},"excerpt":{"rendered":"<p>Foire aux questions Depuis combien de temps Heyl est-elle active dans le domaine de l\u2019analyse de l\u2019eau ? Heyl d\u00e9veloppe, produit et distribue des \u00e9quipements pour l\u2019analyse et le traitement de l\u2019eau depuis plus de 60 ans. Notre expertise s\u2019appuie sur des d\u00e9cennies d\u2019innovation continue et de proximit\u00e9 avec nos clients. Quels types d\u2019eaux peuvent [&hellip;]<\/p>\n","protected":false},"author":1,"featured_media":0,"parent":0,"menu_order":0,"comment_status":"closed","ping_status":"closed","template":"","meta":{"footnotes":""},"class_list":["post-120","page","type-page","status-publish","hentry"],"_links":{"self":[{"href":"https:\/\/heyl.choyou-tools.fr\/es_mx\/wp-json\/wp\/v2\/pages\/120","targetHints":{"allow":["GET"]}}],"collection":[{"href":"https:\/\/heyl.choyou-tools.fr\/es_mx\/wp-json\/wp\/v2\/pages"}],"about":[{"href":"https:\/\/heyl.choyou-tools.fr\/es_mx\/wp-json\/wp\/v2\/types\/page"}],"author":[{"embeddable":true,"href":"https:\/\/heyl.choyou-tools.fr\/es_mx\/wp-json\/wp\/v2\/users\/1"}],"replies":[{"embeddable":true,"href":"https:\/\/heyl.choyou-tools.fr\/es_mx\/wp-json\/wp\/v2\/comments?post=120"}],"version-history":[{"count":4,"href":"https:\/\/heyl.choyou-tools.fr\/es_mx\/wp-json\/wp\/v2\/pages\/120\/revisions"}],"predecessor-version":[{"id":480,"href":"https:\/\/heyl.choyou-tools.fr\/es_mx\/wp-json\/wp\/v2\/pages\/120\/revisions\/480"}],"wp:attachment":[{"href":"https:\/\/heyl.choyou-tools.fr\/es_mx\/wp-json\/wp\/v2\/media?parent=120"}],"curies":[{"name":"wp","href":"https:\/\/api.w.org\/{rel}","templated":true}]}}