{"id":653,"date":"2025-10-20T10:50:48","date_gmt":"2025-10-20T08:50:48","guid":{"rendered":"https:\/\/heyl.choyou-tools.fr\/?page_id=653"},"modified":"2025-10-20T11:14:56","modified_gmt":"2025-10-20T09:14:56","slug":"testomat-evo-th","status":"publish","type":"page","link":"https:\/\/heyl.choyou-tools.fr\/pt\/nos-produits\/testomat-evo-th\/","title":{"rendered":"Testomat EVO TH"},"content":{"rendered":"<div data-elementor-type=\"wp-page\" data-elementor-id=\"653\" class=\"elementor elementor-653\" data-elementor-settings=\"{&quot;ha_cmc_init_switcher&quot;:&quot;no&quot;}\" data-elementor-post-type=\"page\">\n\t\t\t\t<div class=\"elementor-element elementor-element-178ec34 e-flex e-con-boxed e-con e-parent\" data-id=\"178ec34\" data-element_type=\"container\" data-settings=\"{&quot;background_background&quot;:&quot;classic&quot;,&quot;shape_divider_bottom&quot;:&quot;waves&quot;,&quot;_ha_eqh_enable&quot;:false}\">\n\t\t\t\t\t<div class=\"e-con-inner\">\n\t\t\t\t<div class=\"elementor-shape elementor-shape-bottom\" aria-hidden=\"true\" data-negative=\"false\">\n\t\t\t<svg xmlns=\"http:\/\/www.w3.org\/2000\/svg\" viewbox=\"0 0 1000 100\" preserveaspectratio=\"none\">\n\t<path class=\"elementor-shape-fill\" d=\"M421.9,6.5c22.6-2.5,51.5,0.4,75.5,5.3c23.6,4.9,70.9,23.5,100.5,35.7c75.8,32.2,133.7,44.5,192.6,49.7\tc23.6,2.1,48.7,3.5,103.4-2.5c54.7-6,106.2-25.6,106.2-25.6V0H0v30.3c0,0,72,32.6,158.4,30.5c39.2-0.7,92.8-6.7,134-22.4\tc21.2-8.1,52.2-18.2,79.7-24.2C399.3,7.9,411.6,7.5,421.9,6.5z\"\/>\n<\/svg>\t\t<\/div>\n\t\t<div class=\"elementor-element elementor-element-08c8bd4 e-con-full e-flex e-con e-child\" data-id=\"08c8bd4\" data-element_type=\"container\" data-settings=\"{&quot;_ha_eqh_enable&quot;:false}\">\n\t\t\t\t<div class=\"elementor-element elementor-element-649dd40 elementor-widget elementor-widget-image\" data-id=\"649dd40\" data-element_type=\"widget\" data-widget_type=\"image.default\">\n\t\t\t\t\t\t\t\t\t\t\t\t\t\t\t<img fetchpriority=\"high\" decoding=\"async\" width=\"574\" height=\"1154\" src=\"https:\/\/heyl.choyou-tools.fr\/wp-content\/uploads\/2025\/10\/Fichier-1EVO-TH.png\" class=\"attachment-medium_large size-medium_large wp-image-657\" alt=\"\" srcset=\"https:\/\/heyl.choyou-tools.fr\/wp-content\/uploads\/2025\/10\/Fichier-1EVO-TH.png 574w, https:\/\/heyl.choyou-tools.fr\/wp-content\/uploads\/2025\/10\/Fichier-1EVO-TH-149x300.png 149w, https:\/\/heyl.choyou-tools.fr\/wp-content\/uploads\/2025\/10\/Fichier-1EVO-TH-509x1024.png 509w\" sizes=\"(max-width: 574px) 100vw, 574px\" \/>\t\t\t\t\t\t\t\t\t\t\t\t\t\t\t<\/div>\n\t\t\t\t<\/div>\n\t\t<div class=\"elementor-element elementor-element-535c56d e-con-full e-flex e-con e-child\" data-id=\"535c56d\" data-element_type=\"container\" data-settings=\"{&quot;_ha_eqh_enable&quot;:false}\">\n\t\t\t\t<div class=\"elementor-element elementor-element-a7d6fd2 elementor-widget elementor-widget-heading\" data-id=\"a7d6fd2\" data-element_type=\"widget\" data-widget_type=\"heading.default\">\n\t\t\t\t\t<h2 class=\"elementor-heading-title elementor-size-default\">Testomat\u00ae EVO TH<\/h2>\t\t\t\t<\/div>\n\t\t\t\t<div class=\"elementor-element elementor-element-4a3c2fb elementor-widget elementor-widget-text-editor\" data-id=\"4a3c2fb\" data-element_type=\"widget\" data-widget_type=\"text-editor.default\">\n\t\t\t\t\t\t\t\t\t<p>O Testomat\u00ae EVO TH determina totalmente a dureza da \u00e1gua<br \/>automaticamente por meio de titula\u00e7\u00e3o. O dispositivo \u00e9 adequado para<br \/>para verificar a qualidade da \u00e1gua das esta\u00e7\u00f5es de tratamento de \u00e1gua,<br \/>instala\u00e7\u00f5es de \u00e1gua pot\u00e1vel, caldeiras industriais e para monitoramento<br \/>\u00e1gua de processo.<\/p>\t\t\t\t\t\t\t\t<\/div>\n\t\t\t\t<\/div>\n\t\t\t\t\t<\/div>\n\t\t\t\t<\/div>\n\t\t<div class=\"elementor-element elementor-element-2a1f1ef e-flex e-con-boxed e-con e-parent\" data-id=\"2a1f1ef\" data-element_type=\"container\" data-settings=\"{&quot;_ha_eqh_enable&quot;:false}\">\n\t\t\t\t\t<div class=\"e-con-inner\">\n\t\t<div class=\"elementor-element elementor-element-327a381 e-con-full e-flex e-con e-child\" data-id=\"327a381\" data-element_type=\"container\" data-settings=\"{&quot;_ha_eqh_enable&quot;:false}\">\n\t\t\t\t<div class=\"elementor-element elementor-element-63b73d2 elementor-widget elementor-widget-heading\" data-id=\"63b73d2\" data-element_type=\"widget\" data-widget_type=\"heading.default\">\n\t\t\t\t\t<h4 class=\"elementor-heading-title elementor-size-default\">O Testomat\u00ae EVO TH convence\ncom novas funcionalidades:<\/h4>\t\t\t\t<\/div>\n\t\t\t\t<div class=\"elementor-element elementor-element-b69ec43 elementor-widget elementor-widget-text-editor\" data-id=\"b69ec43\" data-element_type=\"widget\" data-widget_type=\"text-editor.default\">\n\t\t\t\t\t\t\t\t\t<p>- Certificado pela T\u00dcV<br \/>- Detec\u00e7\u00e3o \u00f3ptica de \u00e1gua ao encher a medi\u00e7\u00e3o<br \/>c\u00e2mara<br \/>- Importa\u00e7\u00e3o e exporta\u00e7\u00e3o de configura\u00e7\u00f5es (programa\u00e7\u00e3o b\u00e1sica)<br \/>com arquivo selecion\u00e1vel<br \/>- nome<br \/>- Registro de dados de medi\u00e7\u00e3o e mensagens\/<br \/>alarmes por meio de um SD integrado ou opcional<br \/>Cart\u00e3o SDHC (2 GByte)<br \/>- Atualiza\u00e7\u00e3o de firmware via cart\u00e3o SD<br \/>- LCD - display gr\u00e1fico<br \/>- Menu de navega\u00e7\u00e3o multil\u00edngue com simples<br \/>comuta\u00e7\u00e3o (a programa\u00e7\u00e3o interna \u00e9 mantida)<br \/>- Autoteste integrado com monitoramento cont\u00ednuo<br \/>- Entrada externa de apagamento\/reconhecimento<br \/>- Senha livremente program\u00e1vel<br \/>- Ventila\u00e7\u00e3o autom\u00e1tica da linha indicadora<br \/>- Portas que podem ser trocadas individualmente<br \/>- Monitoramento de faixa (queda abaixo do valor limite)<br \/>1\/ excedendo o valor limite<br \/>- N\u00famero permitido de falta de \u00e1gua livremente<br \/>program\u00e1vel (para sistemas com temporariamente<br \/>baixa press\u00e3o da \u00e1gua)<br \/>- Transfer\u00eancia de dados de medi\u00e7\u00e3o via interface RS 232<\/p>\t\t\t\t\t\t\t\t<\/div>\n\t\t\t\t<\/div>\n\t\t<div class=\"elementor-element elementor-element-d1ea336 e-con-full e-flex e-con e-child\" data-id=\"d1ea336\" data-element_type=\"container\" data-settings=\"{&quot;_ha_eqh_enable&quot;:false}\">\n\t\t\t\t<div class=\"elementor-element elementor-element-2130add elementor-widget elementor-widget-heading\" data-id=\"2130add\" data-element_type=\"widget\" data-widget_type=\"heading.default\">\n\t\t\t\t\t<h4 class=\"elementor-heading-title elementor-size-default\">Perfil de desempenho<\/h4>\t\t\t\t<\/div>\n\t\t\t\t<div class=\"elementor-element elementor-element-3ff1519 elementor-widget elementor-widget-text-editor\" data-id=\"3ff1519\" data-element_type=\"widget\" data-widget_type=\"text-editor.default\">\n\t\t\t\t\t\t\t\t\t<p>- Titula\u00e7\u00e3o de alta precis\u00e3o usando um pist\u00e3o<br \/>bomba dosadora<br \/>- Sa\u00edda anal\u00f3gica 0\/4 - 20 ma<br \/>- Unidade de dureza program\u00e1vel em\u00b0 dH,\u00b0f, ppm<br \/>CaCO3, mmol\/l<br \/>- 2 valores-limite independentes com ajuste<br \/>fun\u00e7\u00f5es de comuta\u00e7\u00e3o, bem como de comuta\u00e7\u00e3o<br \/>possibilidade depois de um n\u00famero ajust\u00e1vel de erros<br \/>an\u00e1lises<br \/>- Acionador de an\u00e1lise:<br \/>- opera\u00e7\u00e3o autom\u00e1tica em intervalos (0-99 minutos)<br \/>- dependente da quantidade via medidor de \u00e1gua de contato<br \/>- Quantidades do indicador: frascos de 100 e 500 ml<\/p>\t\t\t\t\t\t\t\t<\/div>\n\t\t\t\t<\/div>\n\t\t\t\t\t<\/div>\n\t\t\t\t<\/div>\n\t\t\t\t<\/div>","protected":false},"excerpt":{"rendered":"<p>Testomat\u00ae EVO TH The Testomat\u00ae EVO TH determines the water hardness fullyautomatically by means of titration. The device is suitablefor checking the water quality of water treatment plants,drinking water plants, industrial boilers and for monitoringprocess water. The Testomat\u00ae EVO TH convinces with new functionalities: \u2022 T\u00dcV-certified\u2022 Optical water detection when filling the measuringchamber\u2022 Import and [&hellip;]<\/p>\n","protected":false},"author":1,"featured_media":0,"parent":28,"menu_order":0,"comment_status":"closed","ping_status":"closed","template":"","meta":{"footnotes":""},"class_list":["post-653","page","type-page","status-publish","hentry"],"_links":{"self":[{"href":"https:\/\/heyl.choyou-tools.fr\/pt\/wp-json\/wp\/v2\/pages\/653","targetHints":{"allow":["GET"]}}],"collection":[{"href":"https:\/\/heyl.choyou-tools.fr\/pt\/wp-json\/wp\/v2\/pages"}],"about":[{"href":"https:\/\/heyl.choyou-tools.fr\/pt\/wp-json\/wp\/v2\/types\/page"}],"author":[{"embeddable":true,"href":"https:\/\/heyl.choyou-tools.fr\/pt\/wp-json\/wp\/v2\/users\/1"}],"replies":[{"embeddable":true,"href":"https:\/\/heyl.choyou-tools.fr\/pt\/wp-json\/wp\/v2\/comments?post=653"}],"version-history":[{"count":8,"href":"https:\/\/heyl.choyou-tools.fr\/pt\/wp-json\/wp\/v2\/pages\/653\/revisions"}],"predecessor-version":[{"id":663,"href":"https:\/\/heyl.choyou-tools.fr\/pt\/wp-json\/wp\/v2\/pages\/653\/revisions\/663"}],"up":[{"embeddable":true,"href":"https:\/\/heyl.choyou-tools.fr\/pt\/wp-json\/wp\/v2\/pages\/28"}],"wp:attachment":[{"href":"https:\/\/heyl.choyou-tools.fr\/pt\/wp-json\/wp\/v2\/media?parent=653"}],"curies":[{"name":"wp","href":"https:\/\/api.w.org\/{rel}","templated":true}]}}