{"id":792,"date":"2025-10-20T15:25:47","date_gmt":"2025-10-20T13:25:47","guid":{"rendered":"https:\/\/heyl.choyou-tools.fr\/?page_id=792"},"modified":"2025-10-20T15:28:39","modified_gmt":"2025-10-20T13:28:39","slug":"testomat-modul-th-th-r","status":"publish","type":"page","link":"https:\/\/heyl.choyou-tools.fr\/pt\/nos-produits\/testomat-modul-th-th-r\/","title":{"rendered":"Testomat MODUL TH TH-R"},"content":{"rendered":"<div data-elementor-type=\"wp-page\" data-elementor-id=\"792\" class=\"elementor elementor-792\" data-elementor-settings=\"{&quot;ha_cmc_init_switcher&quot;:&quot;no&quot;}\" data-elementor-post-type=\"page\">\n\t\t\t\t<div class=\"elementor-element elementor-element-178ec34 e-flex e-con-boxed e-con e-parent\" data-id=\"178ec34\" data-element_type=\"container\" data-settings=\"{&quot;background_background&quot;:&quot;classic&quot;,&quot;shape_divider_bottom&quot;:&quot;waves&quot;,&quot;_ha_eqh_enable&quot;:false}\">\n\t\t\t\t\t<div class=\"e-con-inner\">\n\t\t\t\t<div class=\"elementor-shape elementor-shape-bottom\" aria-hidden=\"true\" data-negative=\"false\">\n\t\t\t<svg xmlns=\"http:\/\/www.w3.org\/2000\/svg\" viewbox=\"0 0 1000 100\" preserveaspectratio=\"none\">\n\t<path class=\"elementor-shape-fill\" d=\"M421.9,6.5c22.6-2.5,51.5,0.4,75.5,5.3c23.6,4.9,70.9,23.5,100.5,35.7c75.8,32.2,133.7,44.5,192.6,49.7\tc23.6,2.1,48.7,3.5,103.4-2.5c54.7-6,106.2-25.6,106.2-25.6V0H0v30.3c0,0,72,32.6,158.4,30.5c39.2-0.7,92.8-6.7,134-22.4\tc21.2-8.1,52.2-18.2,79.7-24.2C399.3,7.9,411.6,7.5,421.9,6.5z\"\/>\n<\/svg>\t\t<\/div>\n\t\t<div class=\"elementor-element elementor-element-08c8bd4 e-con-full e-flex e-con e-child\" data-id=\"08c8bd4\" data-element_type=\"container\" data-settings=\"{&quot;_ha_eqh_enable&quot;:false}\">\n\t\t\t\t<div class=\"elementor-element elementor-element-649dd40 elementor-widget elementor-widget-image\" data-id=\"649dd40\" data-element_type=\"widget\" data-widget_type=\"image.default\">\n\t\t\t\t\t\t\t\t\t\t\t\t\t\t\t<img fetchpriority=\"high\" decoding=\"async\" width=\"528\" height=\"828\" src=\"https:\/\/heyl.choyou-tools.fr\/wp-content\/uploads\/2025\/10\/Testomat-MODUL-TH-TH-R.png\" class=\"attachment-medium_large size-medium_large wp-image-692\" alt=\"\" srcset=\"https:\/\/heyl.choyou-tools.fr\/wp-content\/uploads\/2025\/10\/Testomat-MODUL-TH-TH-R.png 528w, https:\/\/heyl.choyou-tools.fr\/wp-content\/uploads\/2025\/10\/Testomat-MODUL-TH-TH-R-191x300.png 191w\" sizes=\"(max-width: 528px) 100vw, 528px\" \/>\t\t\t\t\t\t\t\t\t\t\t\t\t\t\t<\/div>\n\t\t\t\t<\/div>\n\t\t<div class=\"elementor-element elementor-element-535c56d e-con-full e-flex e-con e-child\" data-id=\"535c56d\" data-element_type=\"container\" data-settings=\"{&quot;_ha_eqh_enable&quot;:false}\">\n\t\t\t\t<div class=\"elementor-element elementor-element-a7d6fd2 elementor-widget elementor-widget-heading\" data-id=\"a7d6fd2\" data-element_type=\"widget\" data-widget_type=\"heading.default\">\n\t\t\t\t\t<h2 class=\"elementor-heading-title elementor-size-default\">Testomat\u00ae MODUL TH TH-R<\/h2>\t\t\t\t<\/div>\n\t\t\t\t<div class=\"elementor-element elementor-element-4a3c2fb elementor-widget elementor-widget-text-editor\" data-id=\"4a3c2fb\" data-element_type=\"widget\" data-widget_type=\"text-editor.default\">\n\t\t\t\t\t\t\t\t\tThe Testomat\u00ae MODUL TH determines the water hardness\nfully automatically by means of titration. The device is\nsuitable for checking the water quality of water treatment\nplants, drinking water plants, industrial boilers and\nfor monitoring process water.\nIn addition to the 4-20 mA output for transmitting the\nmeasured values, this series has an RS232 interface for\ntransmitting the measured values and error &#038; status messages.\nFurthermore, all data are continuously recorded on\nthe integrated SD card or optionally available SDHC card (2Gbyte) as a file in CSV\nformat structured and can be used at any time for detailed observations.\t\t\t\t\t\t\t\t<\/div>\n\t\t\t\t<\/div>\n\t\t\t\t\t<\/div>\n\t\t\t\t<\/div>\n\t\t<div class=\"elementor-element elementor-element-2a1f1ef e-flex e-con-boxed e-con e-parent\" data-id=\"2a1f1ef\" data-element_type=\"container\" data-settings=\"{&quot;_ha_eqh_enable&quot;:false}\">\n\t\t\t\t\t<div class=\"e-con-inner\">\n\t\t<div class=\"elementor-element elementor-element-327a381 e-con-full e-flex e-con e-child\" data-id=\"327a381\" data-element_type=\"container\" data-settings=\"{&quot;_ha_eqh_enable&quot;:false}\">\n\t\t\t\t<div class=\"elementor-element elementor-element-63b73d2 elementor-widget elementor-widget-heading\" data-id=\"63b73d2\" data-element_type=\"widget\" data-widget_type=\"heading.default\">\n\t\t\t\t\t<h4 class=\"elementor-heading-title elementor-size-default\">The Testomat\u00ae MODUL TH convinces\nwith new functionalities:<\/h4>\t\t\t\t<\/div>\n\t\t\t\t<div class=\"elementor-element elementor-element-b69ec43 elementor-widget elementor-widget-text-editor\" data-id=\"b69ec43\" data-element_type=\"widget\" data-widget_type=\"text-editor.default\">\n\t\t\t\t\t\t\t\t\t<p>\u2022 RS232 interface for transmission of the measured<br \/>values and error messages<br \/>\u2022 Carrying out parameterization using an SD card<br \/>or the \u201cService Monitor\u201c software via mini-USB<br \/>(on the device side) to USB 2.0 (for example PC\/<br \/>notebook)<br \/>\u2022 Multilingual menu navigation of the software<br \/>in German, English, French, Dutch<br \/>- Atualiza\u00e7\u00e3o de firmware via cart\u00e3o SD<br \/>\u2022 Compact design<br \/>\u2022 Optimized water detection based on an optical<br \/>measuring method<br \/>- Autoteste integrado com monitoramento cont\u00ednuo<br \/>- Ventila\u00e7\u00e3o autom\u00e1tica da linha indicadora<\/p>\t\t\t\t\t\t\t\t<\/div>\n\t\t\t\t<\/div>\n\t\t<div class=\"elementor-element elementor-element-d1ea336 e-con-full e-flex e-con e-child\" data-id=\"d1ea336\" data-element_type=\"container\" data-settings=\"{&quot;_ha_eqh_enable&quot;:false}\">\n\t\t\t\t<div class=\"elementor-element elementor-element-2130add elementor-widget elementor-widget-heading\" data-id=\"2130add\" data-element_type=\"widget\" data-widget_type=\"heading.default\">\n\t\t\t\t\t<h4 class=\"elementor-heading-title elementor-size-default\">Proven performance profile:<\/h4>\t\t\t\t<\/div>\n\t\t\t\t<div class=\"elementor-element elementor-element-3ff1519 elementor-widget elementor-widget-text-editor\" data-id=\"3ff1519\" data-element_type=\"widget\" data-widget_type=\"text-editor.default\">\n\t\t\t\t\t\t\t\t\t<p>\u2022 High-precision titration using a piston metering<br \/>pump<br \/>\u2022 Reliable and low-maintenance operation<br \/>\u2022 Minimum indicator and water consumption<br \/>\u2022 Analog output 4 &#8211; 20 mA for transmission<br \/>of the measured values<br \/>\u2022 Programmable hardness unit in\u00b0dH,\u00b0f, ppm<br \/>CaCO3, mmol\/l<br \/>\u2022 Common alarm output<br \/>\u2022 Indicator quantities: 500 ml bottles<\/p>\t\t\t\t\t\t\t\t<\/div>\n\t\t\t\t<div class=\"elementor-element elementor-element-e2c41bd elementor-widget elementor-widget-heading\" data-id=\"e2c41bd\" data-element_type=\"widget\" data-widget_type=\"heading.default\">\n\t\t\t\t\t<h4 class=\"elementor-heading-title elementor-size-default\">Analysis trigger:<\/h4>\t\t\t\t<\/div>\n\t\t\t\t<div class=\"elementor-element elementor-element-beed5a8 elementor-widget elementor-widget-text-editor\" data-id=\"beed5a8\" data-element_type=\"widget\" data-widget_type=\"text-editor.default\">\n\t\t\t\t\t\t\t\t\t<p>\u2022 Automatic interval operation (interval pause<br \/>adjustable from 0 &#8211; 255 minutes)<br \/>\u2022 External analysis input (start\/stop)<br \/>\u2022 Manual start<\/p>\t\t\t\t\t\t\t\t<\/div>\n\t\t\t\t<\/div>\n\t\t\t\t\t<\/div>\n\t\t\t\t<\/div>\n\t\t\t\t<\/div>","protected":false},"excerpt":{"rendered":"<p>Testomat\u00ae MODUL TH TH-R The Testomat\u00ae MODUL TH determines the water hardness fully automatically by means of titration. The device is suitable for checking the water quality of water treatment plants, drinking water plants, industrial boilers and for monitoring process water. In addition to the 4-20 mA output for transmitting the measured values, this series [&hellip;]<\/p>\n","protected":false},"author":1,"featured_media":0,"parent":28,"menu_order":0,"comment_status":"closed","ping_status":"closed","template":"","meta":{"footnotes":""},"class_list":["post-792","page","type-page","status-publish","hentry"],"_links":{"self":[{"href":"https:\/\/heyl.choyou-tools.fr\/pt\/wp-json\/wp\/v2\/pages\/792","targetHints":{"allow":["GET"]}}],"collection":[{"href":"https:\/\/heyl.choyou-tools.fr\/pt\/wp-json\/wp\/v2\/pages"}],"about":[{"href":"https:\/\/heyl.choyou-tools.fr\/pt\/wp-json\/wp\/v2\/types\/page"}],"author":[{"embeddable":true,"href":"https:\/\/heyl.choyou-tools.fr\/pt\/wp-json\/wp\/v2\/users\/1"}],"replies":[{"embeddable":true,"href":"https:\/\/heyl.choyou-tools.fr\/pt\/wp-json\/wp\/v2\/comments?post=792"}],"version-history":[{"count":4,"href":"https:\/\/heyl.choyou-tools.fr\/pt\/wp-json\/wp\/v2\/pages\/792\/revisions"}],"predecessor-version":[{"id":796,"href":"https:\/\/heyl.choyou-tools.fr\/pt\/wp-json\/wp\/v2\/pages\/792\/revisions\/796"}],"up":[{"embeddable":true,"href":"https:\/\/heyl.choyou-tools.fr\/pt\/wp-json\/wp\/v2\/pages\/28"}],"wp:attachment":[{"href":"https:\/\/heyl.choyou-tools.fr\/pt\/wp-json\/wp\/v2\/media?parent=792"}],"curies":[{"name":"wp","href":"https:\/\/api.w.org\/{rel}","templated":true}]}}